{"id":661,"date":"2020-10-14T21:59:21","date_gmt":"2020-10-14T21:59:21","guid":{"rendered":"https:\/\/lesgeniesscolaires.com\/?page_id=661"},"modified":"2020-10-22T23:43:07","modified_gmt":"2020-10-22T23:43:07","slug":"preparation-aux-examens","status":"publish","type":"page","link":"https:\/\/lesgeniesscolaires.com\/en\/preparation-aux-examens\/","title":{"rendered":"Exam prep"},"content":{"rendered":"<div data-elementor-type=\"wp-page\" data-elementor-id=\"661\" class=\"elementor elementor-661\">\n\t\t\t\t\t\t<section class=\"ob-is-breaking-bad elementor-section elementor-top-section elementor-element elementor-element-719eb85 elementor-section-boxed elementor-section-height-default elementor-section-height-default\" data-id=\"719eb85\" data-element_type=\"section\" data-e-type=\"section\" data-settings=\"{&quot;_ob_bbad_use_it&quot;:&quot;yes&quot;,&quot;_ob_bbad_sssic_use&quot;:&quot;no&quot;,&quot;_ob_glider_is_slider&quot;:&quot;no&quot;}\">\n\t\t\t\t\t\t<div class=\"elementor-container elementor-column-gap-default\">\n\t\t\t\t\t<div class=\"elementor-column elementor-col-100 elementor-top-column elementor-element elementor-element-38a63e5\" data-id=\"38a63e5\" data-element_type=\"column\" data-e-type=\"column\" data-settings=\"{&quot;_ob_bbad_is_stalker&quot;:&quot;no&quot;,&quot;_ob_teleporter_use&quot;:false,&quot;_ob_column_hoveranimator&quot;:&quot;no&quot;,&quot;_ob_column_has_pseudo&quot;:&quot;no&quot;}\">\n\t\t\t<div class=\"elementor-widget-wrap elementor-element-populated\">\n\t\t\t\t\t\t<div class=\"elementor-element elementor-element-b71bc9f ob-harakiri-inherit ob-has-background-overlay elementor-widget elementor-widget-heading\" data-id=\"b71bc9f\" data-element_type=\"widget\" data-e-type=\"widget\" data-settings=\"{&quot;_ob_use_harakiri&quot;:&quot;yes&quot;,&quot;_ob_harakiri_writing_mode&quot;:&quot;inherit&quot;,&quot;_ob_harakiri_text_clip&quot;:&quot;none&quot;,&quot;_ob_perspektive_use&quot;:&quot;no&quot;,&quot;_ob_poopart_use&quot;:&quot;yes&quot;,&quot;_ob_shadough_use&quot;:&quot;no&quot;,&quot;_ob_allow_hoveranimator&quot;:&quot;no&quot;,&quot;_ob_widget_stalker_use&quot;:&quot;no&quot;}\" data-widget_type=\"heading.default\">\n\t\t\t\t<div class=\"elementor-widget-container\">\n\t\t\t\t\t<h2 class=\"elementor-heading-title elementor-size-default\">PREPARATION FOR THE SECONDARY ADMISSION COMPETITION FOR 6TH YEAR CHILDREN<\/h2>\t\t\t\t<\/div>\n\t\t\t\t<\/div>\n\t\t\t\t\t<\/div>\n\t\t<\/div>\n\t\t\t\t\t<\/div>\n\t\t<\/section>\n\t\t\t\t<section class=\"ob-is-breaking-bad elementor-section elementor-top-section elementor-element elementor-element-d2dd1cb elementor-section-boxed elementor-section-height-default elementor-section-height-default\" data-id=\"d2dd1cb\" data-element_type=\"section\" data-e-type=\"section\" data-settings=\"{&quot;_ob_bbad_use_it&quot;:&quot;yes&quot;,&quot;_ob_bbad_sssic_use&quot;:&quot;no&quot;,&quot;_ob_glider_is_slider&quot;:&quot;no&quot;}\">\n\t\t\t\t\t\t<div class=\"elementor-container elementor-column-gap-default\">\n\t\t\t\t\t<div class=\"elementor-column elementor-col-100 elementor-top-column elementor-element elementor-element-8ca567d\" data-id=\"8ca567d\" data-element_type=\"column\" data-e-type=\"column\" data-settings=\"{&quot;_ob_bbad_is_stalker&quot;:&quot;no&quot;,&quot;_ob_teleporter_use&quot;:false,&quot;_ob_column_hoveranimator&quot;:&quot;no&quot;,&quot;_ob_column_has_pseudo&quot;:&quot;no&quot;}\">\n\t\t\t<div class=\"elementor-widget-wrap elementor-element-populated\">\n\t\t\t\t\t\t<div class=\"elementor-element elementor-element-aed989e elementor-drop-cap-yes ob-harakiri-inherit elementor-drop-cap-view-default ob-has-background-overlay elementor-widget elementor-widget-text-editor\" data-id=\"aed989e\" data-element_type=\"widget\" data-e-type=\"widget\" data-settings=\"{&quot;drop_cap&quot;:&quot;yes&quot;,&quot;_ob_use_harakiri&quot;:&quot;yes&quot;,&quot;_ob_harakiri_writing_mode&quot;:&quot;inherit&quot;,&quot;_ob_postman_use&quot;:&quot;no&quot;,&quot;_ob_perspektive_use&quot;:&quot;no&quot;,&quot;_ob_poopart_use&quot;:&quot;yes&quot;,&quot;_ob_shadough_use&quot;:&quot;no&quot;,&quot;_ob_allow_hoveranimator&quot;:&quot;no&quot;,&quot;_ob_widget_stalker_use&quot;:&quot;no&quot;}\" data-widget_type=\"text-editor.default\">\n\t\t\t\t<div class=\"elementor-widget-container\">\n\t\t\t\t\t\t\t\t\t<p style=\"margin-bottom: .0001pt; background: white;\"><span lang=\"FR-CA\" style=\"font-size: 13.0pt; font-family: 'Helvetica',sans-serif; color: #404040;\">In Quebec, the entrance exams for students starting their 6<\/span><sup><span lang=\"FR-CA\" style=\"font-size: 9.5pt; font-family: 'Helvetica',sans-serif; color: #404040;\">e<\/span><\/sup><span lang=\"FR-CA\" style=\"font-size: 13.0pt; font-family: 'Helvetica',sans-serif; color: #404040;\">\u00a0year is a very important step in their school career. <\/span><\/p><p style=\"margin-bottom: .0001pt; background: white;\"><span lang=\"FR-CA\" style=\"font-size: 13.0pt; font-family: 'Helvetica',sans-serif; color: #404040;\">For this we have set up several tools to support them in this preparation.\u00a0<\/span><\/p><p style=\"margin-bottom: .0001pt; background: white;\"><span lang=\"FR-CA\" style=\"font-size: 13.0pt; font-family: 'Helvetica',sans-serif; color: #404040;\">Le contexte particulier dans lequel se d\u00e9roulent ces examens s&#8217;av\u00e8re souvent une premi\u00e8re exp\u00e9rience pour les \u00e9l\u00e8ves et beaucoup d&#8217;\u00e9l\u00e9ments peuvent interf\u00e9rer avec les bons r\u00e9sultats de votre enfant : stress, manque de temps, distractions, etc.<\/span><\/p><p style=\"margin-bottom: .0001pt; background: white;\"><span lang=\"FR-CA\" style=\"font-size: 13.0pt; font-family: 'Helvetica',sans-serif; color: #404040;\">The objective of preparing for the entrance exams is to prepare the students of 6<\/span><sup><span lang=\"FR-CA\" style=\"font-size: 9.5pt; font-family: 'Helvetica',sans-serif; color: #404040;\">e<\/span><\/sup><span lang=\"FR-CA\" style=\"font-size: 13.0pt; font-family: 'Helvetica',sans-serif; color: #404040;\">\u00a0year from the Quebec region who will participate in the various competitions with a view to possible admission to a private college or to the\u00a0<strong><span style=\"font-family: 'Helvetica',sans-serif;\">intermediate education program (PEI)<\/span><\/strong><\/span><\/p><p style=\"margin-bottom: .0001pt; background: white;\"><span lang=\"FR-CA\" style=\"font-size: 13.0pt; font-family: 'Helvetica',sans-serif; color: #404040;\">It turns out that the area's entrance exams are seen to be much more competitive than they really are and it is unfortunate that over time they have become stressful. It is of course necessary to prepare adequately, but also to avoid over-preparation which could ultimately cause the opposite effect to that desired, that is to say to put the child in confidence. So our approach has been developed with this intention and based on trust rather than the need for performance.<\/span><\/p>\t\t\t\t\t\t\t\t<\/div>\n\t\t\t\t<\/div>\n\t\t\t\t\t<\/div>\n\t\t<\/div>\n\t\t\t\t\t<\/div>\n\t\t<\/section>\n\t\t\t\t<\/div>","protected":false},"excerpt":{"rendered":"<p>PR\u00c9PARATION aux CONCOURS D\u2019ADMISSION AU SECONDAIRE POUR LES ENFANTS DE 6\u00e8me ANN\u00c9E Au Qu\u00e9bec, les concours d\u2019admission pour les \u00e9l\u00e8ves qui d\u00e9buteront leur 6e&nbsp;ann\u00e9e est une \u00e9tape tr\u00e8s importante dans leur parcours scolaire. Pour cela nous avons mis sur pied plusieurs outils pour les accompagner dans cette pr\u00e9paration.&nbsp; Le contexte particulier dans lequel se d\u00e9roulent [&hellip;]<\/p>\n","protected":false},"author":1,"featured_media":688,"parent":0,"menu_order":0,"comment_status":"closed","ping_status":"closed","template":"","meta":{"nf_dc_page":"","footnotes":""},"class_list":["post-661","page","type-page","status-publish","has-post-thumbnail","hentry"],"_links":{"self":[{"href":"https:\/\/lesgeniesscolaires.com\/en\/wp-json\/wp\/v2\/pages\/661","targetHints":{"allow":["GET"]}}],"collection":[{"href":"https:\/\/lesgeniesscolaires.com\/en\/wp-json\/wp\/v2\/pages"}],"about":[{"href":"https:\/\/lesgeniesscolaires.com\/en\/wp-json\/wp\/v2\/types\/page"}],"author":[{"embeddable":true,"href":"https:\/\/lesgeniesscolaires.com\/en\/wp-json\/wp\/v2\/users\/1"}],"replies":[{"embeddable":true,"href":"https:\/\/lesgeniesscolaires.com\/en\/wp-json\/wp\/v2\/comments?post=661"}],"version-history":[{"count":4,"href":"https:\/\/lesgeniesscolaires.com\/en\/wp-json\/wp\/v2\/pages\/661\/revisions"}],"predecessor-version":[{"id":694,"href":"https:\/\/lesgeniesscolaires.com\/en\/wp-json\/wp\/v2\/pages\/661\/revisions\/694"}],"wp:featuredmedia":[{"embeddable":true,"href":"https:\/\/lesgeniesscolaires.com\/en\/wp-json\/wp\/v2\/media\/688"}],"wp:attachment":[{"href":"https:\/\/lesgeniesscolaires.com\/en\/wp-json\/wp\/v2\/media?parent=661"}],"curies":[{"name":"wp","href":"https:\/\/api.w.org\/{rel}","templated":true}]}}