{"id":511,"date":"2020-09-20T17:01:35","date_gmt":"2020-09-20T17:01:35","guid":{"rendered":"https:\/\/lesgeniesscolaires.com\/?page_id=511"},"modified":"2020-10-14T23:01:12","modified_gmt":"2020-10-14T23:01:12","slug":"sinscrire","status":"publish","type":"page","link":"https:\/\/lesgeniesscolaires.com\/en\/sinscrire\/","title":{"rendered":"S&#8217;inscrire"},"content":{"rendered":"\n<p>Vous pouvez vous inscrire \u00e0 un cours, d\u00e9j\u00e0 programm\u00e9, depuis cette page.<\/p>\n\n\n\n<div class=\"wp-block-amelia-events-gutenberg-block\"><script>\n  var hasEventShortcode = (typeof hasEventShortcode === 'undefined') ? false : true;\n  var bookingEntitiesIds = (typeof bookingEntitiesIds === 'undefined') ? [] : bookingEntitiesIds;\n  bookingEntitiesIds.push(\n    {\n      'hasApiCall': 1,\n      'trigger': '',\n      'counter': '0',\n      'eventId': '',\n      'eventRecurring': 0,\n      'eventTag': ''\n    }\n  );\n  var lazyBookingEntitiesIds = (typeof lazyBookingEntitiesIds === 'undefined') ? [] : lazyBookingEntitiesIds;\n  if (bookingEntitiesIds[bookingEntitiesIds.length - 1].trigger !== '') {\n    lazyBookingEntitiesIds.push(bookingEntitiesIds.pop());\n  }\n<\/script>\n\n<div id=\"amelia-app-booking0\" class=\"amelia-service amelia-frontend amelia-app-booking\">\n    <events-list><\/events-list><\/div>\n<\/div>\n","protected":false},"excerpt":{"rendered":"<p>Vous pouvez vous inscrire \u00e0 un cours, d\u00e9j\u00e0 programm\u00e9, depuis cette page.<\/p>","protected":false},"author":1,"featured_media":678,"parent":0,"menu_order":0,"comment_status":"closed","ping_status":"closed","template":"","meta":{"nf_dc_page":"","footnotes":""},"class_list":["post-511","page","type-page","status-publish","has-post-thumbnail","hentry"],"_links":{"self":[{"href":"https:\/\/lesgeniesscolaires.com\/en\/wp-json\/wp\/v2\/pages\/511","targetHints":{"allow":["GET"]}}],"collection":[{"href":"https:\/\/lesgeniesscolaires.com\/en\/wp-json\/wp\/v2\/pages"}],"about":[{"href":"https:\/\/lesgeniesscolaires.com\/en\/wp-json\/wp\/v2\/types\/page"}],"author":[{"embeddable":true,"href":"https:\/\/lesgeniesscolaires.com\/en\/wp-json\/wp\/v2\/users\/1"}],"replies":[{"embeddable":true,"href":"https:\/\/lesgeniesscolaires.com\/en\/wp-json\/wp\/v2\/comments?post=511"}],"version-history":[{"count":1,"href":"https:\/\/lesgeniesscolaires.com\/en\/wp-json\/wp\/v2\/pages\/511\/revisions"}],"predecessor-version":[{"id":512,"href":"https:\/\/lesgeniesscolaires.com\/en\/wp-json\/wp\/v2\/pages\/511\/revisions\/512"}],"wp:featuredmedia":[{"embeddable":true,"href":"https:\/\/lesgeniesscolaires.com\/en\/wp-json\/wp\/v2\/media\/678"}],"wp:attachment":[{"href":"https:\/\/lesgeniesscolaires.com\/en\/wp-json\/wp\/v2\/media?parent=511"}],"curies":[{"name":"wp","href":"https:\/\/api.w.org\/{rel}","templated":true}]}}