{"id":499,"date":"2020-09-20T16:27:10","date_gmt":"2020-09-20T16:27:10","guid":{"rendered":"https:\/\/lesgeniesscolaires.com\/?page_id=499"},"modified":"2020-09-20T16:27:47","modified_gmt":"2020-09-20T16:27:47","slug":"politique-de-confidentialite","status":"publish","type":"page","link":"https:\/\/lesgeniesscolaires.com\/en\/politique-de-confidentialite\/","title":{"rendered":"Privacy policy"},"content":{"rendered":"<h2 class=\"wp-block-heading\">Hyperlinks<\/h2>\n\n\n\n<p>We invite you, as a precaution, to read the privacy policy of the site in question.<\/p>\n\n\n\n<h2 class=\"wp-block-heading\">Use of Google Analytics<\/h2>\n\n\n\n<p>The quebec.ca site uses Google Analytics, a web audience measurement tool.<\/p>\n\n\n\n<p>Using cookies, Google Analytics collects information about your browsing on this site, which is stored on servers located, in particular, in the United States. Google may communicate this information to third parties in the event of a legal obligation or when these third parties process the data on its behalf.<\/p>\n\n\n\n<p>The information collected by the tool is, for example, the pages you visit, the date, time, duration and frequency of your visits and the links you click. The type of operating system on your computer as well as the language used, the name of your Internet service provider and your geographic location (region) are also part of the information collected. Your IP address is also collected, but it is anonymized (truncated) to ensure the confidentiality of your information. The anonymization of an IP address prevents the identification of an Internet user by means of the latter.<\/p>\n\n\n\n<p>Google uses the information collected only to produce statistics and reports on navigation on this site, which allows the government to improve its electronic delivery of services. Google will not, under any circumstances, link the information collected on this site with any other data it keeps.<\/p>\n\n\n\n<p>If you wish, you can prevent Google from recording your browsing information by installing the&nbsp;<a href=\"https:\/\/tools.google.com\/dlpage\/gaoptout?hl=fr\" target=\"_blank\" rel=\"noreferrer noopener\">browser add-on for opting out of Google Analytics&nbsp;<\/a>.<\/p>\n\n\n\n<h2 class=\"wp-block-heading\">If you provide us with personal information<\/h2>\n\n\n\n<p>If you choose to send us personal information, in your electronic correspondence, please be aware that we will only use the information necessary to respond to and respond to your message.&nbsp;<\/p>\n\n\n\n<p>Personal information transmitted will only be shared with another government organization if your request is addressed to that body or if such disclosure is required by law. It is in no way used to draw up user profiles and is not sent to any private organization.<\/p>\n\n\n\n<p>The&nbsp;<a href=\"http:\/\/legisquebec.gouv.qc.ca\/fr\/ShowDoc\/cs\/A-2.1\" target=\"_blank\" rel=\"noreferrer noopener\">Act respecting access to documents held by public bodies and the protection of personal information&nbsp;<\/a>&nbsp;grants you the following rights:<\/p>\n\n\n\n<ul class=\"wp-block-list\"><li>respect for the confidentiality of personal information;&nbsp;<\/li><li>l&#8217;acc\u00e8s aux documents des organismes publics et \u00e0 vos renseignements personnels;<\/li><li>la rectification de vos renseignements personnels s&#8217;ils se r\u00e9v\u00e8lent incomplets, inexacts ou \u00e9quivoques ou encore si leur collecte, leur communication ou leur conservation ne sont pas autoris\u00e9es par la&nbsp;Loi.<\/li><\/ul>\n\n\n\n<p>You can contact the&nbsp;<a href=\"https:\/\/www.acces.mce.gouv.qc.ca\/responsables\/index.asp\" target=\"_blank\" rel=\"noreferrer noopener\">person responsible for access to information and the protection of personal information at the Minist\u00e8re du Conseil ex\u00e9cutif&nbsp;<\/a>.<\/p>\n\n\n\n<p>You can also consult the website of the&nbsp;<a href=\"http:\/\/www.cai.gouv.qc.ca\/\" target=\"_blank\" rel=\"noreferrer noopener\">Quebec Information Access Commission&nbsp;<\/a>.<\/p>\n\n\n\n<p>We remind you that the&nbsp;<a href=\"http:\/\/www.cai.gouv.qc.ca\/\" target=\"_blank\" rel=\"noreferrer noopener\">transmission of information&nbsp;<\/a>&nbsp;emailing is not completely secure. This is why we do not recommend that you disclose personal information, such as your social insurance number, by email. We do the same on our side, by not responding to your questions by email when this involves transmitting confidential data.<\/p>\n\n\n\n<h2 class=\"wp-block-heading\">Pour plus d&#8217;information<\/h2>\n\n\n\n<ul class=\"wp-block-list\"><li><a href=\"http:\/\/www.cai.gouv.qc.ca\/\" target=\"_blank\" rel=\"noreferrer noopener\">Commission d&#8217;acc\u00e8s \u00e0 l&#8217;information du Qu\u00e9bec&nbsp;<\/a><ul><li><a href=\"http:\/\/www.cai.gouv.qc.ca\/documents\/CAI_FI_internet.pdf\" target=\"_blank\" rel=\"noreferrer noopener\">Access to information and the confidentiality of personal information on the Internet&nbsp;<\/a><\/li><li><a href=\"http:\/\/www.cai.gouv.qc.ca\/documents\/CAI_FI_profilage.pdf\" target=\"_blank\" rel=\"noreferrer noopener\">Profiling and targeted advertising&nbsp;<\/a><\/li><\/ul><\/li><li><a href=\"http:\/\/legisquebec.gouv.qc.ca\/fr\/ShowDoc\/cs\/A-2.1\" target=\"_blank\" rel=\"noreferrer noopener\">Loi sur l&#8217;acc\u00e8s aux documents des organismes publics et sur la protection des renseignements personnels&nbsp;<\/a><\/li><li><a href=\"http:\/\/legisquebec.gouv.qc.ca\/fr\/ShowDoc\/cs\/C-1.1\" target=\"_blank\" rel=\"noreferrer noopener\">Law on the legal framework of information technology&nbsp;<\/a><\/li><\/ul>","protected":false},"excerpt":{"rendered":"<p>Hyperliens Nous vous invitons, par mesure de prudence, \u00e0 lire la politique de confidentialit\u00e9 du site en question. Utilisation de Google Analytics Le site quebec.ca utilise Google Analytics, un outil de mesure d\u2019audience&nbsp;Web. \u00c0 l\u2019aide de t\u00e9moins (cookies), Google Analytics collecte des renseignements concernant votre navigation sur ce site, lesquels sont conserv\u00e9s sur des serveurs [&hellip;]<\/p>\n","protected":false},"author":1,"featured_media":0,"parent":0,"menu_order":0,"comment_status":"closed","ping_status":"closed","template":"","meta":{"nf_dc_page":"","footnotes":""},"class_list":["post-499","page","type-page","status-publish","hentry"],"_links":{"self":[{"href":"https:\/\/lesgeniesscolaires.com\/en\/wp-json\/wp\/v2\/pages\/499","targetHints":{"allow":["GET"]}}],"collection":[{"href":"https:\/\/lesgeniesscolaires.com\/en\/wp-json\/wp\/v2\/pages"}],"about":[{"href":"https:\/\/lesgeniesscolaires.com\/en\/wp-json\/wp\/v2\/types\/page"}],"author":[{"embeddable":true,"href":"https:\/\/lesgeniesscolaires.com\/en\/wp-json\/wp\/v2\/users\/1"}],"replies":[{"embeddable":true,"href":"https:\/\/lesgeniesscolaires.com\/en\/wp-json\/wp\/v2\/comments?post=499"}],"version-history":[{"count":2,"href":"https:\/\/lesgeniesscolaires.com\/en\/wp-json\/wp\/v2\/pages\/499\/revisions"}],"predecessor-version":[{"id":501,"href":"https:\/\/lesgeniesscolaires.com\/en\/wp-json\/wp\/v2\/pages\/499\/revisions\/501"}],"wp:attachment":[{"href":"https:\/\/lesgeniesscolaires.com\/en\/wp-json\/wp\/v2\/media?parent=499"}],"curies":[{"name":"wp","href":"https:\/\/api.w.org\/{rel}","templated":true}]}}