{"id":402,"date":"2020-09-17T20:43:58","date_gmt":"2020-09-17T20:43:58","guid":{"rendered":"https:\/\/lesgeniesscolaires.com\/?page_id=402"},"modified":"2020-09-20T23:19:19","modified_gmt":"2020-09-20T23:19:19","slug":"biogrpahie","status":"publish","type":"page","link":"https:\/\/lesgeniesscolaires.com\/en\/biogrpahie\/","title":{"rendered":"Biography"},"content":{"rendered":"<div data-elementor-type=\"wp-page\" data-elementor-id=\"402\" class=\"elementor elementor-402\">\n\t\t\t\t\t\t<section class=\"ob-is-breaking-bad elementor-section elementor-top-section elementor-element elementor-element-e350669 elementor-section-boxed elementor-section-height-default elementor-section-height-default\" data-id=\"e350669\" data-element_type=\"section\" data-e-type=\"section\" data-settings=\"{&quot;_ob_bbad_use_it&quot;:&quot;yes&quot;,&quot;_ob_bbad_sssic_use&quot;:&quot;no&quot;,&quot;_ob_glider_is_slider&quot;:&quot;no&quot;}\">\n\t\t\t\t\t\t<div class=\"elementor-container elementor-column-gap-default\">\n\t\t\t\t\t<div class=\"elementor-column elementor-col-100 elementor-top-column elementor-element elementor-element-8de8c54\" data-id=\"8de8c54\" data-element_type=\"column\" data-e-type=\"column\" data-settings=\"{&quot;_ob_bbad_is_stalker&quot;:&quot;no&quot;,&quot;_ob_teleporter_use&quot;:false,&quot;_ob_column_hoveranimator&quot;:&quot;no&quot;,&quot;_ob_column_has_pseudo&quot;:&quot;no&quot;}\">\n\t\t\t<div class=\"elementor-widget-wrap elementor-element-populated\">\n\t\t\t\t\t\t<div class=\"elementor-element elementor-element-c2c5135 ob-harakiri-inherit ob-has-background-overlay elementor-widget elementor-widget-heading\" data-id=\"c2c5135\" data-element_type=\"widget\" data-e-type=\"widget\" data-settings=\"{&quot;_ob_use_harakiri&quot;:&quot;yes&quot;,&quot;_ob_harakiri_writing_mode&quot;:&quot;inherit&quot;,&quot;_ob_harakiri_text_clip&quot;:&quot;none&quot;,&quot;_ob_perspektive_use&quot;:&quot;no&quot;,&quot;_ob_poopart_use&quot;:&quot;yes&quot;,&quot;_ob_shadough_use&quot;:&quot;no&quot;,&quot;_ob_allow_hoveranimator&quot;:&quot;no&quot;,&quot;_ob_widget_stalker_use&quot;:&quot;no&quot;}\" data-widget_type=\"heading.default\">\n\t\t\t\t<div class=\"elementor-widget-container\">\n\t\t\t\t\t<h2 class=\"elementor-heading-title elementor-size-default\">Certified teacher of French as a foreign language<\/h2>\t\t\t\t<\/div>\n\t\t\t\t<\/div>\n\t\t\t\t\t<\/div>\n\t\t<\/div>\n\t\t\t\t\t<\/div>\n\t\t<\/section>\n\t\t\t\t<section class=\"ob-is-breaking-bad elementor-section elementor-top-section elementor-element elementor-element-622bc201 elementor-section-boxed elementor-section-height-default elementor-section-height-default\" data-id=\"622bc201\" data-element_type=\"section\" data-e-type=\"section\" data-settings=\"{&quot;_ob_bbad_use_it&quot;:&quot;yes&quot;,&quot;_ob_bbad_sssic_use&quot;:&quot;no&quot;,&quot;_ob_glider_is_slider&quot;:&quot;no&quot;}\">\n\t\t\t\t\t\t<div class=\"elementor-container elementor-column-gap-default\">\n\t\t\t\t\t<div class=\"elementor-column elementor-col-100 elementor-top-column elementor-element elementor-element-707ccb30\" data-id=\"707ccb30\" data-element_type=\"column\" data-e-type=\"column\" data-settings=\"{&quot;_ob_bbad_is_stalker&quot;:&quot;no&quot;,&quot;_ob_teleporter_use&quot;:false,&quot;_ob_column_hoveranimator&quot;:&quot;no&quot;,&quot;_ob_column_has_pseudo&quot;:&quot;no&quot;}\">\n\t\t\t<div class=\"elementor-widget-wrap elementor-element-populated\">\n\t\t\t\t\t\t<div class=\"elementor-element elementor-element-a8d5f15 ob-harakiri-inherit ob-has-background-overlay elementor-widget elementor-widget-text-editor\" data-id=\"a8d5f15\" data-element_type=\"widget\" data-e-type=\"widget\" data-settings=\"{&quot;_ob_use_harakiri&quot;:&quot;yes&quot;,&quot;_ob_harakiri_writing_mode&quot;:&quot;inherit&quot;,&quot;_ob_postman_use&quot;:&quot;no&quot;,&quot;_ob_perspektive_use&quot;:&quot;no&quot;,&quot;_ob_poopart_use&quot;:&quot;yes&quot;,&quot;_ob_shadough_use&quot;:&quot;no&quot;,&quot;_ob_allow_hoveranimator&quot;:&quot;no&quot;,&quot;_ob_widget_stalker_use&quot;:&quot;no&quot;}\" data-widget_type=\"text-editor.default\">\n\t\t\t\t<div class=\"elementor-widget-container\">\n\t\t\t\t\t\t\t\t\t\n<p>Hello and welcome to our school the school geniuses,<\/p>\n\n<p>Let me introduce myself, my name is Imane Sadki, professor of French as a foreign language. I am here for you and to support you in your journey of learning the French language and thus share with you my 6 years experience as a teacher that I carried out within the Alliance Fran\u00e7aise in Bahrain.<\/p>\n\n<p>Titulaire d\u2019un dipl\u00f4me d\u2019enseignement de l\u2019universit\u00e9 de Rouen en France, j\u2019ai acquis de solides connaissances dans ce domaine. \u00c0 cela j&#8217;ajouterai le dynamisme, le s\u00e9rieux et la rigueur: Qualit\u00e9s qui m&#8217;ont toujours aid\u00e9 \u00e0 m&#8217;adapter avec beaucoup de polyvalence.<\/p>\n\n<p>During my career, I taught French to all types of public and all levels of the Common European Framework of Reference for CEFR languages \u200b\u200b(general French, business French, exam preparation, etc.) I am also a certified corrective examiner of CIEP for the \"Dipl\u00f4me d'\u00c9tudes en langue fran\u00e7aise DELF-DALF\" from level A1 to C1 as well as the \"FRENCH EVALUATION TEST TEF, TEF NAT, TCF ...\"<\/p>\n\n<p>I am also part of the Pedagogical Administration where I plan courses, timetables for teachers and learners and I also take care of the creation and provision of pedagogical material (pedagogical sheets, tests, pedagogical monitoring sheets \u2026)<\/p>\n\t\t\t\t\t\t\t\t<\/div>\n\t\t\t\t<\/div>\n\t\t\t\t\t<\/div>\n\t\t<\/div>\n\t\t\t\t\t<\/div>\n\t\t<\/section>\n\t\t\t\t<\/div>","protected":false},"excerpt":{"rendered":"<p>Professeur de fran\u00e7ais langue \u00e9trang\u00e8re certifi\u00e9e Bonjour et bienvenue dans notre \u00e9cole les g\u00e9nies scolaires, Je me pr\u00e9sente, je m\u2019appelle Imane Sadki professeur de fran\u00e7ais langue \u00e9trang\u00e8re. Je suis l\u00e0 pour vous et pour vous accompagner dans votre parcours d\u2019apprentissage de la langue fran\u00e7aise et ainsi partager avec vous mon exp\u00e9rience de 6 ans en [&hellip;]<\/p>\n","protected":false},"author":1,"featured_media":580,"parent":0,"menu_order":0,"comment_status":"closed","ping_status":"closed","template":"","meta":{"nf_dc_page":"","footnotes":""},"class_list":["post-402","page","type-page","status-publish","has-post-thumbnail","hentry"],"_links":{"self":[{"href":"https:\/\/lesgeniesscolaires.com\/en\/wp-json\/wp\/v2\/pages\/402","targetHints":{"allow":["GET"]}}],"collection":[{"href":"https:\/\/lesgeniesscolaires.com\/en\/wp-json\/wp\/v2\/pages"}],"about":[{"href":"https:\/\/lesgeniesscolaires.com\/en\/wp-json\/wp\/v2\/types\/page"}],"author":[{"embeddable":true,"href":"https:\/\/lesgeniesscolaires.com\/en\/wp-json\/wp\/v2\/users\/1"}],"replies":[{"embeddable":true,"href":"https:\/\/lesgeniesscolaires.com\/en\/wp-json\/wp\/v2\/comments?post=402"}],"version-history":[{"count":5,"href":"https:\/\/lesgeniesscolaires.com\/en\/wp-json\/wp\/v2\/pages\/402\/revisions"}],"predecessor-version":[{"id":588,"href":"https:\/\/lesgeniesscolaires.com\/en\/wp-json\/wp\/v2\/pages\/402\/revisions\/588"}],"wp:featuredmedia":[{"embeddable":true,"href":"https:\/\/lesgeniesscolaires.com\/en\/wp-json\/wp\/v2\/media\/580"}],"wp:attachment":[{"href":"https:\/\/lesgeniesscolaires.com\/en\/wp-json\/wp\/v2\/media?parent=402"}],"curies":[{"name":"wp","href":"https:\/\/api.w.org\/{rel}","templated":true}]}}